{"id":175,"date":"2018-11-05T22:01:56","date_gmt":"2018-11-05T21:01:56","guid":{"rendered":"http:\/\/kochen-at-home.ch\/?page_id=175"},"modified":"2020-01-04T21:53:07","modified_gmt":"2020-01-04T20:53:07","slug":"dinner-club","status":"publish","type":"page","link":"http:\/\/kochen-at-home.ch\/?page_id=175","title":{"rendered":"Dinner Club"},"content":{"rendered":"<p>auf dem <strong>ROSENBERG<\/strong> in Allschwil.<img loading=\"lazy\" class=\"alignright  wp-image-180\" src=\"http:\/\/kochen-at-home.ch\/wp-content\/uploads\/2018\/11\/dinnerclub3-300x300.jpg\" alt=\"\" width=\"190\" height=\"190\" srcset=\"http:\/\/kochen-at-home.ch\/wp-content\/uploads\/2018\/11\/dinnerclub3-300x300.jpg 300w, http:\/\/kochen-at-home.ch\/wp-content\/uploads\/2018\/11\/dinnerclub3-150x150.jpg 150w, http:\/\/kochen-at-home.ch\/wp-content\/uploads\/2018\/11\/dinnerclub3-100x100.jpg 100w, http:\/\/kochen-at-home.ch\/wp-content\/uploads\/2018\/11\/dinnerclub3.jpg 500w\" sizes=\"(max-width: 190px) 100vw, 190px\" \/><br \/>F\u00fcr <strong>alle<\/strong>, die gerne mit anderen Menschen teilen, geniessen und einen<br \/>unvergesslichen Abend erleben m\u00f6chten. Wenn es draussen kalt und nass ist, sitzen wir drinnen gem\u00fctlich beisammen und g\u00f6nnen uns ein feines Essen,\u00a0und den dazu passsenden Wein, mit dem Partner, mit Freunden, Bekannten, Nachbarn und der Familie.<\/p>\n<p>Das Team von <strong>kochen-at-home.ch<\/strong><\/p>\n<table>\n<tbody>\n<tr>\n<td style=\"width: 147px;\"><strong>Was erwartet Sie:<\/strong><\/td>\n<td style=\"width: 419px;\">ein 3-Gang Winter Men\u00fc<br \/>marktfrisch mit regionalen und saisonalen Produkten,<br \/>geschmackvoll zubereitet und eine Freude f\u00fcrs Auge&#8230;<\/td>\n<\/tr>\n<tr>\n<td style=\"width: 147px;\"><strong>Der Preis:<\/strong><\/td>\n<td style=\"width: 419px;\">CHF 48,- \/ Men\u00fc inkl. Mineralwasser<\/td>\n<\/tr>\n<tr>\n<td style=\"width: 147px;\"><strong>Die Weine:<\/strong><\/td>\n<td style=\"width: 419px;\">Cava, methode champenois<br \/>Weissweine und\u00a0Rotweine, passend zu den Gerichten<\/td>\n<\/tr>\n<tr>\n<td style=\"width: 147px;\"><strong>Der Ort:<\/strong><\/td>\n<td style=\"width: 419px;\">Obertorweg 61, 4123 Allschwil<\/td>\n<\/tr>\n<tr>\n<td style=\"width: 147px;\"><strong>Die Zeit:<\/strong><\/td>\n<td style=\"width: 419px;\"><strong>18.30 &#8211; 22.30 Uhr<\/strong><\/td>\n<\/tr>\n<tr>\n<td style=\"width: 147px;\"><strong>Leitung:<\/strong><\/td>\n<td style=\"width: 419px;\">Brigitta Christen, Dipl. Gastronomin<\/td>\n<\/tr>\n<tr>\n<td style=\"width: 147px;\"><strong>Daten:<\/strong><\/td>\n<td style=\"width: 419px;\"><strong>17. Januar<br \/>14. Februar<br \/>20. M\u00e4rz<\/strong><\/td>\n<\/tr>\n<tr>\n<td style=\"width: 147px;\"><strong>Anmelden:<\/strong><\/td>\n<td style=\"width: 419px;\">unter <strong>079 325 24 91<\/strong>\u00a0oder<br \/>unter <a href=\"mailto:info@kochen-at-home.ch\">info@kochen-at-home.ch<\/a><\/td>\n<\/tr>\n<\/tbody>\n<\/table>\n\n\n<p><\/p>\n","protected":false},"excerpt":{"rendered":"<p>auf dem ROSENBERG in Allschwil.F\u00fcr alle, die gerne mit anderen Menschen teilen, geniessen und einenunvergesslichen Abend erleben m\u00f6chten. Wenn es draussen kalt und nass ist, sitzen wir drinnen gem\u00fctlich beisammen und g\u00f6nnen uns ein feines Essen,\u00a0und den dazu passsenden Wein, mit dem Partner, mit Freunden, Bekannten, Nachbarn und der Familie. Das Team von kochen-at-home.ch Was &hellip; <\/p>\n<p class=\"link-more\"><a href=\"http:\/\/kochen-at-home.ch\/?page_id=175\" class=\"more-link\"><span class=\"screen-reader-text\">&#171;Dinner Club&#187;<\/span> weiterlesen<\/a><\/p>\n","protected":false},"author":1,"featured_media":182,"parent":0,"menu_order":0,"comment_status":"closed","ping_status":"closed","template":"","meta":[],"_links":{"self":[{"href":"http:\/\/kochen-at-home.ch\/index.php?rest_route=\/wp\/v2\/pages\/175"}],"collection":[{"href":"http:\/\/kochen-at-home.ch\/index.php?rest_route=\/wp\/v2\/pages"}],"about":[{"href":"http:\/\/kochen-at-home.ch\/index.php?rest_route=\/wp\/v2\/types\/page"}],"author":[{"embeddable":true,"href":"http:\/\/kochen-at-home.ch\/index.php?rest_route=\/wp\/v2\/users\/1"}],"replies":[{"embeddable":true,"href":"http:\/\/kochen-at-home.ch\/index.php?rest_route=%2Fwp%2Fv2%2Fcomments&post=175"}],"version-history":[{"count":3,"href":"http:\/\/kochen-at-home.ch\/index.php?rest_route=\/wp\/v2\/pages\/175\/revisions"}],"predecessor-version":[{"id":187,"href":"http:\/\/kochen-at-home.ch\/index.php?rest_route=\/wp\/v2\/pages\/175\/revisions\/187"}],"wp:featuredmedia":[{"embeddable":true,"href":"http:\/\/kochen-at-home.ch\/index.php?rest_route=\/wp\/v2\/media\/182"}],"wp:attachment":[{"href":"http:\/\/kochen-at-home.ch\/index.php?rest_route=%2Fwp%2Fv2%2Fmedia&parent=175"}],"curies":[{"name":"wp","href":"https:\/\/api.w.org\/{rel}","templated":true}]}}